{"id":4536,"date":"2021-09-09T10:11:31","date_gmt":"2021-09-09T10:11:31","guid":{"rendered":"https:\/\/wordpress.iqonic.design\/product\/wp\/powerhour\/?page_id=4536"},"modified":"2024-02-11T21:26:04","modified_gmt":"2024-02-11T21:26:04","slug":"contact-us","status":"publish","type":"page","link":"https:\/\/www.tamaszpont.co.hu\/?page_id=4536","title":{"rendered":"Kapcsolat"},"content":{"rendered":"\t\t<div data-elementor-type=\"wp-page\" data-elementor-id=\"4536\" class=\"elementor elementor-4536\">\n\t\t\t\t\t\t<div class=\"elementor-section elementor-top-section elementor-element elementor-element-0946550 elementor-section-stretched elementor-section-full_width elementor-section-height-default elementor-section-height-default\" data-id=\"0946550\" data-element_type=\"section\" data-settings=\"{&quot;stretch_section&quot;:&quot;section-stretched&quot;,&quot;background_background&quot;:&quot;classic&quot;}\">\n\t\t\t\t\t\t\t<div class=\"elementor-background-overlay\"><\/div>\n\t\t\t\t\t\t\t<div class=\"elementor-container elementor-column-gap-default\">\n\t\t\t\t\t<div class=\"elementor-column elementor-col-100 elementor-top-column elementor-element elementor-element-553e814 layouts-column-align-inherit layouts-section-position-none\" data-id=\"553e814\" data-element_type=\"column\">\n\t\t\t<div class=\"elementor-widget-wrap elementor-element-populated\">\n\t\t\t\t\t\t<div class=\"elementor-section elementor-inner-section elementor-element elementor-element-c29cb93 elementor-section-content-top elementor-section-boxed elementor-section-height-default elementor-section-height-default\" data-id=\"c29cb93\" data-element_type=\"section\">\n\t\t\t\t\t\t<div class=\"elementor-container elementor-column-gap-default\">\n\t\t\t\t\t<div class=\"elementor-column elementor-col-100 elementor-inner-column elementor-element elementor-element-9932e21 layouts-column-align-inherit layouts-section-position-none\" data-id=\"9932e21\" data-element_type=\"column\">\n\t\t\t<div class=\"elementor-widget-wrap elementor-element-populated\">\n\t\t\t\t\t\t<div class=\"hf-elementor-layout elementor-element elementor-element-4dfccc2 elementor-widget__width-initial elementor-widget elementor-widget-iqonic_title\" data-id=\"4dfccc2\" data-element_type=\"widget\" data-widget_type=\"iqonic_title.default\">\n\t\t\t\t<div class=\"elementor-widget-container\">\n\t\t\t\t<div class=\"center powerhour-title-box powerhour-title-box-1\">\n\t\t\t\t\t<div class=\"powerhour-title-icon\">\n\t\t\t\t\t\t\t<\/div>\n\t\t\t\t\t\t\t\t<span class=\"powerhour-subtitle\">El\u00e9rhet\u0151s\u00e9g\u00fcnk<\/span>\t\t\t\t\n\t\t\t        <h2 class=\"powerhour-title powerhour-heading-title\">\n                         <span class='highlighted-text-wrap'><span class='highlighted-text'>L\u00e1togass<\/span><\/span> el hozz\u00e1nk        <\/h2>\n    \t\t\t\n\t\t\t\t\t<\/div> \n\t\t<\/div>\n\t\t\t\t<\/div>\n\t\t\t\t<div class=\"hf-elementor-layout elementor-element elementor-element-a8cee06 elementor-widget__width-inherit elementor-widget elementor-widget-text-editor\" data-id=\"a8cee06\" data-element_type=\"widget\" data-widget_type=\"text-editor.default\">\n\t\t\t\t<div class=\"elementor-widget-container\">\n\t\t\t<style>\/*! elementor - v3.19.0 - 07-02-2024 *\/\n.elementor-widget-text-editor.elementor-drop-cap-view-stacked .elementor-drop-cap{background-color:#69727d;color:#fff}.elementor-widget-text-editor.elementor-drop-cap-view-framed .elementor-drop-cap{color:#69727d;border:3px solid;background-color:transparent}.elementor-widget-text-editor:not(.elementor-drop-cap-view-default) .elementor-drop-cap{margin-top:8px}.elementor-widget-text-editor:not(.elementor-drop-cap-view-default) .elementor-drop-cap-letter{width:1em;height:1em}.elementor-widget-text-editor .elementor-drop-cap{float:left;text-align:center;line-height:1;font-size:50px}.elementor-widget-text-editor .elementor-drop-cap-letter{display:inline-block}<\/style>\t\t\t\t<h5>C\u00edm\u00fcnk: 6640 Csongr\u00e1d Szenth\u00e1roms\u00e1g t\u00e9r 15.<\/h5>\t\t\t\t\t\t<\/div>\n\t\t\t\t<\/div>\n\t\t\t\t<div class=\"hf-elementor-layout elementor-element elementor-element-c15cb11 elementor-widget__width-initial elementor-widget elementor-widget-text-editor\" data-id=\"c15cb11\" data-element_type=\"widget\" data-widget_type=\"text-editor.default\">\n\t\t\t\t<div class=\"elementor-widget-container\">\n\t\t\t\t\t\t\t\t\t\t\t\t\t<\/div>\n\t\t\t\t<\/div>\n\t\t\t\t<div class=\"hf-elementor-layout elementor-element elementor-element-f614c45 elementor-widget__width-initial elementor-view-default elementor-widget elementor-widget-icon\" data-id=\"f614c45\" data-element_type=\"widget\" data-widget_type=\"icon.default\">\n\t\t\t\t<div class=\"elementor-widget-container\">\n\t\t\t\t\t<div class=\"elementor-icon-wrapper\">\n\t\t\t<div class=\"elementor-icon\">\n\t\t\t<svg aria-hidden=\"true\" class=\"e-font-icon-svg e-fas-bus-alt\" viewBox=\"0 0 512 512\" xmlns=\"http:\/\/www.w3.org\/2000\/svg\"><path d=\"M488 128h-8V80c0-44.8-99.2-80-224-80S32 35.2 32 80v48h-8c-13.25 0-24 10.74-24 24v80c0 13.25 10.75 24 24 24h8v160c0 17.67 14.33 32 32 32v32c0 17.67 14.33 32 32 32h32c17.67 0 32-14.33 32-32v-32h192v32c0 17.67 14.33 32 32 32h32c17.67 0 32-14.33 32-32v-32h6.4c16 0 25.6-12.8 25.6-25.6V256h8c13.25 0 24-10.75 24-24v-80c0-13.26-10.75-24-24-24zM160 72c0-4.42 3.58-8 8-8h176c4.42 0 8 3.58 8 8v16c0 4.42-3.58 8-8 8H168c-4.42 0-8-3.58-8-8V72zm-48 328c-17.67 0-32-14.33-32-32s14.33-32 32-32 32 14.33 32 32-14.33 32-32 32zm128-112H128c-17.67 0-32-14.33-32-32v-96c0-17.67 14.33-32 32-32h112v160zm32 0V128h112c17.67 0 32 14.33 32 32v96c0 17.67-14.33 32-32 32H272zm128 112c-17.67 0-32-14.33-32-32s14.33-32 32-32 32 14.33 32 32-14.33 32-32 32z\"><\/path><\/svg>\t\t\t<\/div>\n\t\t<\/div>\n\t\t\t\t<\/div>\n\t\t\t\t<\/div>\n\t\t\t\t<div class=\"hf-elementor-layout elementor-element elementor-element-69783af elementor-widget__width-initial elementor-widget elementor-widget-text-editor\" data-id=\"69783af\" data-element_type=\"widget\" data-widget_type=\"text-editor.default\">\n\t\t\t\t<div class=\"elementor-widget-container\">\n\t\t\t\t\t\t\t<h6>400 m &#8211; 5 perc a k\u00f6zponti Buszmeg\u00e1ll\u00f3t\u00f3l<\/h6>\t\t\t\t\t\t<\/div>\n\t\t\t\t<\/div>\n\t\t\t\t\t<\/div>\n\t\t<\/div>\n\t\t\t\t\t<\/div>\n\t\t<\/div>\n\t\t\t\t<div class=\"elementor-section elementor-inner-section elementor-element elementor-element-3736a7c elementor-section-full_width elementor-section-height-default elementor-section-height-default\" data-id=\"3736a7c\" data-element_type=\"section\">\n\t\t\t\t\t\t<div class=\"elementor-container elementor-column-gap-default\">\n\t\t\t\t\t<div class=\"elementor-column elementor-col-100 elementor-inner-column elementor-element elementor-element-8eaefbe layouts-column-align-inherit layouts-section-position-none\" data-id=\"8eaefbe\" data-element_type=\"column\">\n\t\t\t<div class=\"elementor-widget-wrap elementor-element-populated\">\n\t\t\t\t\t\t<div class=\"hf-elementor-layout elementor-element elementor-element-53d54c3 elementor-widget elementor-widget-google_maps\" data-id=\"53d54c3\" data-element_type=\"widget\" data-widget_type=\"google_maps.default\">\n\t\t\t\t<div class=\"elementor-widget-container\">\n\t\t\t<style>\/*! elementor - v3.19.0 - 07-02-2024 *\/\n.elementor-widget-google_maps .elementor-widget-container{overflow:hidden}.elementor-widget-google_maps .elementor-custom-embed{line-height:0}.elementor-widget-google_maps iframe{height:300px}<\/style>\t\t<div class=\"elementor-custom-embed\">\n\t\t\t<iframe loading=\"lazy\"\n\t\t\t\t\tsrc=\"https:\/\/maps.google.com\/maps?q=6640%20Csongr%C3%A1d%20szenth%C3%A1roms%C3%A1g%20t%C3%A9r%2015.&#038;t=m&#038;z=16&#038;output=embed&#038;iwloc=near\"\n\t\t\t\t\ttitle=\"6640 Csongr\u00e1d szenth\u00e1roms\u00e1g t\u00e9r 15.\"\n\t\t\t\t\taria-label=\"6640 Csongr\u00e1d szenth\u00e1roms\u00e1g t\u00e9r 15.\"\n\t\t\t><\/iframe>\n\t\t<\/div>\n\t\t\t\t<\/div>\n\t\t\t\t<\/div>\n\t\t\t\t\t<\/div>\n\t\t<\/div>\n\t\t\t\t\t<\/div>\n\t\t<\/div>\n\t\t\t\t\t<\/div>\n\t\t<\/div>\n\t\t\t\t\t<\/div>\n\t\t<\/div>\n\t\t<div class=\"elementor-element elementor-element-18993db e-flex e-con-boxed e-con e-parent\" data-id=\"18993db\" data-element_type=\"container\" data-settings=\"{&quot;content_width&quot;:&quot;boxed&quot;}\" data-core-v316-plus=\"true\">\n\t\t\t\t\t<div class=\"e-con-inner\">\n\t\t\t\t\t<\/div>\n\t\t\t\t<\/div>\n\t\t\t\t<\/div>\n\t\t","protected":false},"excerpt":{"rendered":"<p>El\u00e9rhet\u0151s\u00e9g\u00fcnk L\u00e1togass el hozz\u00e1nk C\u00edm\u00fcnk: 6640 Csongr\u00e1d Szenth\u00e1roms\u00e1g t\u00e9r 15. 400 m &#8211; 5 perc a k\u00f6zponti Buszmeg\u00e1ll\u00f3t\u00f3l<\/p>\n","protected":false},"author":1,"featured_media":0,"parent":0,"menu_order":0,"comment_status":"closed","ping_status":"closed","template":"","meta":{"_acf_changed":false,"_monsterinsights_skip_tracking":false,"_monsterinsights_sitenote_active":false,"_monsterinsights_sitenote_note":"","_monsterinsights_sitenote_category":0,"footnotes":""},"acf":[],"yoast_head":"<!-- This site is optimized with the Yoast SEO plugin v22.0 - https:\/\/yoast.com\/wordpress\/plugins\/seo\/ -->\n<title>Kapcsolat - T\u00e1maszpont Tan\u00e1csad\u00f3 K\u00f6zpont<\/title>\n<meta name=\"robots\" content=\"index, follow, max-snippet:-1, max-image-preview:large, max-video-preview:-1\" \/>\n<link rel=\"canonical\" href=\"https:\/\/www.tamaszpont.co.hu\/?page_id=4536\" \/>\n<meta property=\"og:locale\" content=\"hu_HU\" \/>\n<meta property=\"og:type\" content=\"article\" \/>\n<meta property=\"og:title\" content=\"Kapcsolat - T\u00e1maszpont Tan\u00e1csad\u00f3 K\u00f6zpont\" \/>\n<meta property=\"og:description\" content=\"El\u00e9rhet\u0151s\u00e9g\u00fcnk L\u00e1togass el hozz\u00e1nk C\u00edm\u00fcnk: 6640 Csongr\u00e1d Szenth\u00e1roms\u00e1g t\u00e9r 15. 400 m &#8211; 5 perc a k\u00f6zponti Buszmeg\u00e1ll\u00f3t\u00f3l\" \/>\n<meta property=\"og:url\" content=\"https:\/\/www.tamaszpont.co.hu\/?page_id=4536\" \/>\n<meta property=\"og:site_name\" content=\"T\u00e1maszpont Tan\u00e1csad\u00f3 K\u00f6zpont\" \/>\n<meta property=\"article:modified_time\" content=\"2024-02-11T21:26:04+00:00\" \/>\n<meta name=\"twitter:card\" content=\"summary_large_image\" \/>\n<meta name=\"twitter:label1\" content=\"Becs\u00fclt olvas\u00e1si id\u0151\" \/>\n\t<meta name=\"twitter:data1\" content=\"1 perc\" \/>\n<script type=\"application\/ld+json\" class=\"yoast-schema-graph\">{\"@context\":\"https:\/\/schema.org\",\"@graph\":[{\"@type\":\"WebPage\",\"@id\":\"https:\/\/www.tamaszpont.co.hu\/?page_id=4536\",\"url\":\"https:\/\/www.tamaszpont.co.hu\/?page_id=4536\",\"name\":\"Kapcsolat - T\u00e1maszpont Tan\u00e1csad\u00f3 K\u00f6zpont\",\"isPartOf\":{\"@id\":\"https:\/\/www.tamaszpont.co.hu\/#website\"},\"datePublished\":\"2021-09-09T10:11:31+00:00\",\"dateModified\":\"2024-02-11T21:26:04+00:00\",\"breadcrumb\":{\"@id\":\"https:\/\/www.tamaszpont.co.hu\/?page_id=4536#breadcrumb\"},\"inLanguage\":\"hu\",\"potentialAction\":[{\"@type\":\"ReadAction\",\"target\":[\"https:\/\/www.tamaszpont.co.hu\/?page_id=4536\"]}]},{\"@type\":\"BreadcrumbList\",\"@id\":\"https:\/\/www.tamaszpont.co.hu\/?page_id=4536#breadcrumb\",\"itemListElement\":[{\"@type\":\"ListItem\",\"position\":1,\"name\":\"Home\",\"item\":\"https:\/\/www.tamaszpont.co.hu\/\"},{\"@type\":\"ListItem\",\"position\":2,\"name\":\"Kapcsolat\"}]},{\"@type\":\"WebSite\",\"@id\":\"https:\/\/www.tamaszpont.co.hu\/#website\",\"url\":\"https:\/\/www.tamaszpont.co.hu\/\",\"name\":\"T\u00e1maszpont Tan\u00e1csad\u00f3 K\u00f6zpont\",\"description\":\"\",\"publisher\":{\"@id\":\"https:\/\/www.tamaszpont.co.hu\/#organization\"},\"potentialAction\":[{\"@type\":\"SearchAction\",\"target\":{\"@type\":\"EntryPoint\",\"urlTemplate\":\"https:\/\/www.tamaszpont.co.hu\/?s={search_term_string}\"},\"query-input\":\"required name=search_term_string\"}],\"inLanguage\":\"hu\"},{\"@type\":\"Organization\",\"@id\":\"https:\/\/www.tamaszpont.co.hu\/#organization\",\"name\":\"T\u00e1maszpont Tan\u00e1csad\u00f3 K\u00f6zpont\",\"url\":\"https:\/\/www.tamaszpont.co.hu\/\",\"logo\":{\"@type\":\"ImageObject\",\"inLanguage\":\"hu\",\"@id\":\"https:\/\/www.tamaszpont.co.hu\/#\/schema\/logo\/image\/\",\"url\":\"https:\/\/www.tamaszpont.co.hu\/wp-content\/uploads\/2024\/01\/cropped-cropped-TTK_weblogo-01-01-1.png\",\"contentUrl\":\"https:\/\/www.tamaszpont.co.hu\/wp-content\/uploads\/2024\/01\/cropped-cropped-TTK_weblogo-01-01-1.png\",\"width\":250,\"height\":250,\"caption\":\"T\u00e1maszpont Tan\u00e1csad\u00f3 K\u00f6zpont\"},\"image\":{\"@id\":\"https:\/\/www.tamaszpont.co.hu\/#\/schema\/logo\/image\/\"}}]}<\/script>\n<!-- \/ Yoast SEO plugin. -->","yoast_head_json":{"title":"Kapcsolat - T\u00e1maszpont Tan\u00e1csad\u00f3 K\u00f6zpont","robots":{"index":"index","follow":"follow","max-snippet":"max-snippet:-1","max-image-preview":"max-image-preview:large","max-video-preview":"max-video-preview:-1"},"canonical":"https:\/\/www.tamaszpont.co.hu\/?page_id=4536","og_locale":"hu_HU","og_type":"article","og_title":"Kapcsolat - T\u00e1maszpont Tan\u00e1csad\u00f3 K\u00f6zpont","og_description":"El\u00e9rhet\u0151s\u00e9g\u00fcnk L\u00e1togass el hozz\u00e1nk C\u00edm\u00fcnk: 6640 Csongr\u00e1d Szenth\u00e1roms\u00e1g t\u00e9r 15. 400 m &#8211; 5 perc a k\u00f6zponti Buszmeg\u00e1ll\u00f3t\u00f3l","og_url":"https:\/\/www.tamaszpont.co.hu\/?page_id=4536","og_site_name":"T\u00e1maszpont Tan\u00e1csad\u00f3 K\u00f6zpont","article_modified_time":"2024-02-11T21:26:04+00:00","twitter_card":"summary_large_image","twitter_misc":{"Becs\u00fclt olvas\u00e1si id\u0151":"1 perc"},"schema":{"@context":"https:\/\/schema.org","@graph":[{"@type":"WebPage","@id":"https:\/\/www.tamaszpont.co.hu\/?page_id=4536","url":"https:\/\/www.tamaszpont.co.hu\/?page_id=4536","name":"Kapcsolat - T\u00e1maszpont Tan\u00e1csad\u00f3 K\u00f6zpont","isPartOf":{"@id":"https:\/\/www.tamaszpont.co.hu\/#website"},"datePublished":"2021-09-09T10:11:31+00:00","dateModified":"2024-02-11T21:26:04+00:00","breadcrumb":{"@id":"https:\/\/www.tamaszpont.co.hu\/?page_id=4536#breadcrumb"},"inLanguage":"hu","potentialAction":[{"@type":"ReadAction","target":["https:\/\/www.tamaszpont.co.hu\/?page_id=4536"]}]},{"@type":"BreadcrumbList","@id":"https:\/\/www.tamaszpont.co.hu\/?page_id=4536#breadcrumb","itemListElement":[{"@type":"ListItem","position":1,"name":"Home","item":"https:\/\/www.tamaszpont.co.hu\/"},{"@type":"ListItem","position":2,"name":"Kapcsolat"}]},{"@type":"WebSite","@id":"https:\/\/www.tamaszpont.co.hu\/#website","url":"https:\/\/www.tamaszpont.co.hu\/","name":"T\u00e1maszpont Tan\u00e1csad\u00f3 K\u00f6zpont","description":"","publisher":{"@id":"https:\/\/www.tamaszpont.co.hu\/#organization"},"potentialAction":[{"@type":"SearchAction","target":{"@type":"EntryPoint","urlTemplate":"https:\/\/www.tamaszpont.co.hu\/?s={search_term_string}"},"query-input":"required name=search_term_string"}],"inLanguage":"hu"},{"@type":"Organization","@id":"https:\/\/www.tamaszpont.co.hu\/#organization","name":"T\u00e1maszpont Tan\u00e1csad\u00f3 K\u00f6zpont","url":"https:\/\/www.tamaszpont.co.hu\/","logo":{"@type":"ImageObject","inLanguage":"hu","@id":"https:\/\/www.tamaszpont.co.hu\/#\/schema\/logo\/image\/","url":"https:\/\/www.tamaszpont.co.hu\/wp-content\/uploads\/2024\/01\/cropped-cropped-TTK_weblogo-01-01-1.png","contentUrl":"https:\/\/www.tamaszpont.co.hu\/wp-content\/uploads\/2024\/01\/cropped-cropped-TTK_weblogo-01-01-1.png","width":250,"height":250,"caption":"T\u00e1maszpont Tan\u00e1csad\u00f3 K\u00f6zpont"},"image":{"@id":"https:\/\/www.tamaszpont.co.hu\/#\/schema\/logo\/image\/"}}]}},"_links":{"self":[{"href":"https:\/\/www.tamaszpont.co.hu\/index.php?rest_route=\/wp\/v2\/pages\/4536"}],"collection":[{"href":"https:\/\/www.tamaszpont.co.hu\/index.php?rest_route=\/wp\/v2\/pages"}],"about":[{"href":"https:\/\/www.tamaszpont.co.hu\/index.php?rest_route=\/wp\/v2\/types\/page"}],"author":[{"embeddable":true,"href":"https:\/\/www.tamaszpont.co.hu\/index.php?rest_route=\/wp\/v2\/users\/1"}],"replies":[{"embeddable":true,"href":"https:\/\/www.tamaszpont.co.hu\/index.php?rest_route=%2Fwp%2Fv2%2Fcomments&post=4536"}],"version-history":[{"count":6,"href":"https:\/\/www.tamaszpont.co.hu\/index.php?rest_route=\/wp\/v2\/pages\/4536\/revisions"}],"predecessor-version":[{"id":14394,"href":"https:\/\/www.tamaszpont.co.hu\/index.php?rest_route=\/wp\/v2\/pages\/4536\/revisions\/14394"}],"wp:attachment":[{"href":"https:\/\/www.tamaszpont.co.hu\/index.php?rest_route=%2Fwp%2Fv2%2Fmedia&parent=4536"}],"curies":[{"name":"wp","href":"https:\/\/api.w.org\/{rel}","templated":true}]}}